{"id":223,"date":"2023-02-04T16:53:07","date_gmt":"2023-02-04T16:53:07","guid":{"rendered":"https:\/\/acafado.pt\/site\/?page_id=223"},"modified":"2023-03-29T00:29:04","modified_gmt":"2023-03-28T23:29:04","slug":"escola-de-musica","status":"publish","type":"page","link":"https:\/\/acafado.pt\/site\/escola-de-musica\/","title":{"rendered":"Escola de m\u00fasica"},"content":{"rendered":"\n\n\n<h2>Gostava de aprender<\/h2>\n<h2><font color=\"#2a83f9\">a arte do <\/font>FADO?<\/h2>\n<h4 style=\"color: rgb(255, 255, 255);\">Temos v\u00e1rios estilos dispon\u00edveis<\/h4>\n<p><span style=\"color: rgb(255, 255, 255);\">Com os nossos instrutores voc\u00ea poder\u00e1 aprender as v\u00e1rias val\u00eancias necess\u00e1rias para criar fado. Temos dispon\u00edvel as seguintes aulas para si:<\/span><br><\/p>\n\nGuitarra Portuguesa\nViola de Fado\nBaixo ac\u00fastico\nCanto\n\n\n\n\n\n\n\n<p style=\"color: rgb(255, 255, 255); font-size: x-small;\">* Preencha o formul\u00e1rio e envie-nos por e-mail.<\/p>\n\n\n\n\n\n\n\n\n\n\n\n<h1>Custo das aulas<\/h1>\n<p><span style=\"font-size: large; line-height: 1.5;\">A ACAFADO informa que, em reuni\u00e3o de Dire\u00e7\u00e3o realizada no dia 17 de mar\u00e7o de 2023 ficou deliberado que, a partir do pr\u00f3ximo m\u00eas de abril (inclusive) na Escola de Fado, as aulas de canto, viola de fado, baixo ac\u00fastico e guitarra portuguesa ter\u00e3o, um custo mensal de 20.00\u20ac por aluno.<\/span><\/p>\n<p><span style=\"font-size: large; line-height: 1.5;\"> Desde j\u00e1, gratos pela vossa compreens\u00e3o.<\/span><br><\/p>\n\n\n","protected":false},"excerpt":{"rendered":"","protected":false},"author":1,"featured_media":0,"parent":0,"menu_order":0,"comment_status":"closed","ping_status":"closed","template":"","meta":{"pagelayer_contact_templates":[],"_pagelayer_content":"","footnotes":""},"class_list":["post-223","page","type-page","status-publish","hentry"],"_links":{"self":[{"href":"https:\/\/acafado.pt\/site\/wp-json\/wp\/v2\/pages\/223","targetHints":{"allow":["GET"]}}],"collection":[{"href":"https:\/\/acafado.pt\/site\/wp-json\/wp\/v2\/pages"}],"about":[{"href":"https:\/\/acafado.pt\/site\/wp-json\/wp\/v2\/types\/page"}],"author":[{"embeddable":true,"href":"https:\/\/acafado.pt\/site\/wp-json\/wp\/v2\/users\/1"}],"replies":[{"embeddable":true,"href":"https:\/\/acafado.pt\/site\/wp-json\/wp\/v2\/comments?post=223"}],"version-history":[{"count":6,"href":"https:\/\/acafado.pt\/site\/wp-json\/wp\/v2\/pages\/223\/revisions"}],"predecessor-version":[{"id":687,"href":"https:\/\/acafado.pt\/site\/wp-json\/wp\/v2\/pages\/223\/revisions\/687"}],"wp:attachment":[{"href":"https:\/\/acafado.pt\/site\/wp-json\/wp\/v2\/media?parent=223"}],"curies":[{"name":"wp","href":"https:\/\/api.w.org\/{rel}","templated":true}]}}