{"id":23,"date":"2022-02-06T18:43:57","date_gmt":"2022-02-06T18:43:57","guid":{"rendered":"https:\/\/acafado.pt\/site\/home\/"},"modified":"2025-07-08T00:11:51","modified_gmt":"2025-07-07T23:11:51","slug":"home","status":"publish","type":"page","link":"https:\/\/acafado.pt\/site\/","title":{"rendered":"Home"},"content":{"rendered":"\n\n\n\n\n\n<p style=\"font-size: 16px\">Associa\u00e7\u00e3o cultural sediada em Vila Nova de Famalic\u00e3o.<\/p>\n\n\n<p style=\"font-size: 16px\">Todos os s\u00e1bados quinzenalmente temos fado cantado na associa\u00e7\u00e3o.<\/p>\n\n\n<p style=\"font-size: 16px\">Temos dispon\u00edveis v\u00e1rios tipos de aulas para aprender tudo relacionado com o fado.<\/p>\n\n\n<p style=\"font-size: 16px\">Acesso aos espa\u00e7os da associa\u00e7\u00e3o e assembleias gerais.<\/p>\n\n\n\n\n\n\n\n<h2>Espa\u00e7o ACAFADO<\/h2>\n<h4 style=\"color: rgb(255, 255, 255);\">&#8220;Onde o fado acontece&#8221;<\/h4>\n<p style=\"text-align: left\"><span style=\"color: rgb(255, 255, 255);\">Inaugurado em novembro de 2021, o nosso espa\u00e7o proporciona noites de fado, onde pode jantar ou degustar petiscos regionais.<\/span><\/p>\n\n\n\n\n\n\n\n<h2><font color=\"#2a83f9\">Fa\u00e7a parte <span style=\"color:#000000;\">deste grupo<\/span><\/font><\/h2>\n\n<h4>Qualquer pessoa pode ser associada<\/h4>\n<p>Para isso basta pagar as quotas anuais (no valor de 12\u20ac) e j\u00f3ia de inscri\u00e7\u00e3o (no valor de 20\u20ac pagamento \u00fanico) e poder\u00e1 aceder aos nossos espa\u00e7os para praticar ou assistir aos nossos eventos.<\/p><p><br><\/p><p>Tamb\u00e9m lhe permite ter voz na tomada de decis\u00f5es desta associa\u00e7\u00e3o bastando estar presente nas nossas assembleias gerais.<\/p><p><br><\/p><p>Pode consultar os elementos que fazem parte desta associa\u00e7\u00e3o consultando a p\u00e1gina de&nbsp;<a href=\"https:\/\/acafado.pt\/site\/orgaos-sociais\/\">\u00d3rg\u00e3os sociais<\/a>.<\/p>\n\n\n\n\n\n\n\n<p style=\"color: rgb(255, 255, 255); font-size: x-small;\"><span style=\"color:#000000;\">* Preencha o formul\u00e1rio e envie-nos por e-mail.<\/span><br><\/p>\n\n\n\n\n\n","protected":false},"excerpt":{"rendered":"","protected":false},"author":1,"featured_media":0,"parent":0,"menu_order":0,"comment_status":"closed","ping_status":"closed","template":"","meta":{"pagelayer_contact_templates":[],"_pagelayer_content":"","footnotes":""},"class_list":["post-23","page","type-page","status-publish","hentry"],"_links":{"self":[{"href":"https:\/\/acafado.pt\/site\/wp-json\/wp\/v2\/pages\/23","targetHints":{"allow":["GET"]}}],"collection":[{"href":"https:\/\/acafado.pt\/site\/wp-json\/wp\/v2\/pages"}],"about":[{"href":"https:\/\/acafado.pt\/site\/wp-json\/wp\/v2\/types\/page"}],"author":[{"embeddable":true,"href":"https:\/\/acafado.pt\/site\/wp-json\/wp\/v2\/users\/1"}],"replies":[{"embeddable":true,"href":"https:\/\/acafado.pt\/site\/wp-json\/wp\/v2\/comments?post=23"}],"version-history":[{"count":36,"href":"https:\/\/acafado.pt\/site\/wp-json\/wp\/v2\/pages\/23\/revisions"}],"predecessor-version":[{"id":2257,"href":"https:\/\/acafado.pt\/site\/wp-json\/wp\/v2\/pages\/23\/revisions\/2257"}],"wp:attachment":[{"href":"https:\/\/acafado.pt\/site\/wp-json\/wp\/v2\/media?parent=23"}],"curies":[{"name":"wp","href":"https:\/\/api.w.org\/{rel}","templated":true}]}}