{"id":99,"date":"2022-02-20T17:35:45","date_gmt":"2022-02-20T17:35:45","guid":{"rendered":"https:\/\/acafado.pt\/site\/?page_id=99"},"modified":"2025-07-08T00:37:16","modified_gmt":"2025-07-07T23:37:16","slug":"orgaos-sociais","status":"publish","type":"page","link":"https:\/\/acafado.pt\/site\/orgaos-sociais\/","title":{"rendered":"\u00d3rg\u00e3os sociais"},"content":{"rendered":"\n\n\n\n<p>Quem somos?<\/p>\n\n\n\n\n\n\n\n\n\n\n\n\n\n\n\n\n\n\n\n\n\n\n\n\n\n\n<p style=\"text-align: right; \"><span style=\"font-size: 20px; color: rgb(255, 255, 255);\"><strong style=\"line-height: 1;\">LOREM CORPORATE CEO<\/strong><\/span><\/p><p style=\"text-align: center;\"><span style=\"color: rgb(255, 255, 255);\">Duis aute irure dolor in reprehenderit in voluptate velit esse cillum dolore eu fugiat nulla pariatur. Excepteur sint occaecat cupidatat non proident, sunt in culpa qui officia deserunt mollit anim id est laborum.<\/span><\/p><p style=\"text-align: left;\"><sign>\u00a0 \u00a0 \u00a0 <span style=\"line-height: 2.0;\">Benn Marshall<\/span><\/sign><\/p>\n\n\nCompete \u00e0 associa\u00e7\u00e3o promover e organizar eventos de fado, estimular o desenvolvimento do ensino do fado, organizar confer\u00eancias, impulsionar o interc\u00e2mbio cultural com outros grupos e associa\u00e7\u00f5es de natureza id\u00eantica, lutar junto de entidades oficiais pelo prest\u00edgio do fado.\n\n\n\n\n\n\n\n\n<h2 id=\"assembleia-geral\">Assembleia geral<\/h2>\n\nPresidente: Arlindo Silva\n1\u00ba Secret\u00e1rio: Ab\u00edlio Godinho\n2\u00ba Secret\u00e1rio: Joaquim Rodrigues\n\n<h2 id=\"assembleia-geral\">Dire\u00e7\u00e3o<\/h2>\n\nPresidente: Joaquim Macedo\nVice-Presidente: Rog\u00e9rio Ferreira\nSecret\u00e1rio: Manuel Sanches\nTesoureiro: Filipe Fernandes\nVogal: Pedro Mar\u00e3o\n\n<h2 id=\"assembleia-geral\">Conselho Fiscal<\/h2>\n\nPresidente: Joaquim Carneiro\n1\u00ba Vogal: Miguel Rodrigues\n2\u00ba Vogal: Filipe Luz\n\n\n\n\n\n\n<p><span style=\"font-style: italic;\">Abril de 2021<\/span><br><\/p>\n\n\n\n\n","protected":false},"excerpt":{"rendered":"","protected":false},"author":1,"featured_media":0,"parent":0,"menu_order":0,"comment_status":"closed","ping_status":"closed","template":"","meta":{"pagelayer_contact_templates":[],"_pagelayer_content":"","footnotes":""},"class_list":["post-99","page","type-page","status-publish","hentry"],"_links":{"self":[{"href":"https:\/\/acafado.pt\/site\/wp-json\/wp\/v2\/pages\/99","targetHints":{"allow":["GET"]}}],"collection":[{"href":"https:\/\/acafado.pt\/site\/wp-json\/wp\/v2\/pages"}],"about":[{"href":"https:\/\/acafado.pt\/site\/wp-json\/wp\/v2\/types\/page"}],"author":[{"embeddable":true,"href":"https:\/\/acafado.pt\/site\/wp-json\/wp\/v2\/users\/1"}],"replies":[{"embeddable":true,"href":"https:\/\/acafado.pt\/site\/wp-json\/wp\/v2\/comments?post=99"}],"version-history":[{"count":10,"href":"https:\/\/acafado.pt\/site\/wp-json\/wp\/v2\/pages\/99\/revisions"}],"predecessor-version":[{"id":2272,"href":"https:\/\/acafado.pt\/site\/wp-json\/wp\/v2\/pages\/99\/revisions\/2272"}],"wp:attachment":[{"href":"https:\/\/acafado.pt\/site\/wp-json\/wp\/v2\/media?parent=99"}],"curies":[{"name":"wp","href":"https:\/\/api.w.org\/{rel}","templated":true}]}}